{"id":78,"date":"2022-12-21T13:07:57","date_gmt":"2022-12-21T13:07:57","guid":{"rendered":"https:\/\/qwebby.co\/mala-strona-turystyka\/?page_id=78"},"modified":"2024-07-10T12:41:53","modified_gmt":"2024-07-10T12:41:53","slug":"kontakt","status":"publish","type":"page","link":"https:\/\/qwebby.co\/mala-strona-turystyka\/kontakt\/","title":{"rendered":"Kontakt"},"content":{"rendered":"\t\t<div data-elementor-type=\"wp-page\" data-elementor-id=\"78\" class=\"elementor elementor-78\">\n\t\t\t\t\t\t<section class=\"elementor-section elementor-top-section elementor-element elementor-element-fae5126 elementor-section-height-min-height elementor-section-boxed elementor-section-height-default elementor-section-items-middle\" data-id=\"fae5126\" data-element_type=\"section\" data-e-type=\"section\" data-settings=\"{&quot;background_background&quot;:&quot;classic&quot;}\">\n\t\t\t\t\t\t<div class=\"elementor-container elementor-column-gap-custom\">\n\t\t\t\t\t<div class=\"elementor-column elementor-col-100 elementor-top-column elementor-element elementor-element-5ad50b1\" data-id=\"5ad50b1\" data-element_type=\"column\" data-e-type=\"column\">\n\t\t\t<div class=\"elementor-widget-wrap\">\n\t\t\t\t\t\t\t<\/div>\n\t\t<\/div>\n\t\t\t\t\t<\/div>\n\t\t<\/section>\n\t\t\t\t<section class=\"elementor-section elementor-top-section elementor-element elementor-element-9bfd7d9 kontakt elementor-section-boxed elementor-section-height-default elementor-section-height-default\" data-id=\"9bfd7d9\" data-element_type=\"section\" data-e-type=\"section\" data-settings=\"{&quot;background_background&quot;:&quot;classic&quot;}\">\n\t\t\t\t\t\t<div class=\"elementor-container elementor-column-gap-default\">\n\t\t\t\t\t<div class=\"elementor-column elementor-col-100 elementor-top-column elementor-element elementor-element-82494cb\" data-id=\"82494cb\" data-element_type=\"column\" data-e-type=\"column\">\n\t\t\t<div class=\"elementor-widget-wrap elementor-element-populated\">\n\t\t\t\t\t\t<section class=\"elementor-section elementor-inner-section elementor-element elementor-element-ec662f4 elementor-section-boxed elementor-section-height-default elementor-section-height-default\" data-id=\"ec662f4\" data-element_type=\"section\" data-e-type=\"section\">\n\t\t\t\t\t\t<div class=\"elementor-container elementor-column-gap-default\">\n\t\t\t\t\t<div class=\"elementor-column elementor-col-50 elementor-inner-column elementor-element elementor-element-f5826ba\" data-id=\"f5826ba\" data-element_type=\"column\" data-e-type=\"column\">\n\t\t\t<div class=\"elementor-widget-wrap elementor-element-populated\">\n\t\t\t\t\t\t<div class=\"elementor-element elementor-element-55240e9 elementor-widget elementor-widget-heading\" data-id=\"55240e9\" data-element_type=\"widget\" data-e-type=\"widget\" data-widget_type=\"heading.default\">\n\t\t\t\t<div class=\"elementor-widget-container\">\n\t\t\t\t\t<h2 class=\"elementor-heading-title elementor-size-default\">Pensjonat \"Relaks\"<\/h2>\t\t\t\t<\/div>\n\t\t\t\t<\/div>\n\t\t\t\t<div class=\"elementor-element elementor-element-447fec2 elementor-position-left elementor-widget-tablet__width-initial elementor-vertical-align-top elementor-widget elementor-widget-image-box\" data-id=\"447fec2\" data-element_type=\"widget\" data-e-type=\"widget\" data-widget_type=\"image-box.default\">\n\t\t\t\t<div class=\"elementor-widget-container\">\n\t\t\t\t\t<div class=\"elementor-image-box-wrapper\"><figure class=\"elementor-image-box-img\"><img decoding=\"async\" width=\"23\" height=\"31\" src=\"https:\/\/qwebby.co\/mala-strona-turystyka\/wp-content\/uploads\/2022\/12\/Group-34.svg\" class=\"attachment-full size-full wp-image-83\" alt=\"\" \/><\/figure><div class=\"elementor-image-box-content\"><p class=\"elementor-image-box-description\">ul. Bieszczadzka <br>1 00-000 Wetlina<\/p><\/div><\/div>\t\t\t\t<\/div>\n\t\t\t\t<\/div>\n\t\t\t\t<div class=\"elementor-element elementor-element-c400fdf elementor-position-left elementor-widget-tablet__width-initial elementor-vertical-align-top elementor-widget elementor-widget-image-box\" data-id=\"c400fdf\" data-element_type=\"widget\" data-e-type=\"widget\" data-widget_type=\"image-box.default\">\n\t\t\t\t<div class=\"elementor-widget-container\">\n\t\t\t\t\t<div class=\"elementor-image-box-wrapper\"><figure class=\"elementor-image-box-img\"><a href=\"tel:111222333\" tabindex=\"-1\"><img decoding=\"async\" width=\"25\" height=\"25\" src=\"https:\/\/qwebby.co\/mala-strona-turystyka\/wp-content\/uploads\/2022\/12\/Group-36.svg\" class=\"attachment-full size-full wp-image-85\" alt=\"\" \/><\/a><\/figure><div class=\"elementor-image-box-content\"><p class=\"elementor-image-box-description\">111-222-333<\/p><\/div><\/div>\t\t\t\t<\/div>\n\t\t\t\t<\/div>\n\t\t\t\t<div class=\"elementor-element elementor-element-ab3737f elementor-position-left elementor-widget-tablet__width-initial elementor-vertical-align-top elementor-widget elementor-widget-image-box\" data-id=\"ab3737f\" data-element_type=\"widget\" data-e-type=\"widget\" data-widget_type=\"image-box.default\">\n\t\t\t\t<div class=\"elementor-widget-container\">\n\t\t\t\t\t<div class=\"elementor-image-box-wrapper\"><figure class=\"elementor-image-box-img\"><a href=\"mailto:pensjonatrelaks@gmail.com\" tabindex=\"-1\"><img decoding=\"async\" width=\"28\" height=\"20\" src=\"https:\/\/qwebby.co\/mala-strona-turystyka\/wp-content\/uploads\/2022\/12\/Group-38.svg\" class=\"attachment-full size-full wp-image-86\" alt=\"\" \/><\/a><\/figure><div class=\"elementor-image-box-content\"><p class=\"elementor-image-box-description\">pensjonatrelaks@gmail.com<\/p><\/div><\/div>\t\t\t\t<\/div>\n\t\t\t\t<\/div>\n\t\t\t\t\t<\/div>\n\t\t<\/div>\n\t\t\t\t<div class=\"elementor-column elementor-col-50 elementor-inner-column elementor-element elementor-element-9e763b8\" data-id=\"9e763b8\" data-element_type=\"column\" data-e-type=\"column\">\n\t\t\t<div class=\"elementor-widget-wrap elementor-element-populated\">\n\t\t\t\t\t\t<div class=\"elementor-element elementor-element-a414730 elementor-widget elementor-widget-heading\" data-id=\"a414730\" data-element_type=\"widget\" data-e-type=\"widget\" data-widget_type=\"heading.default\">\n\t\t\t\t<div class=\"elementor-widget-container\">\n\t\t\t\t\t<h2 class=\"elementor-heading-title elementor-size-default\">Zapytaj o szczeg\u00f3\u0142y<\/h2>\t\t\t\t<\/div>\n\t\t\t\t<\/div>\n\t\t\t\t<div class=\"elementor-element elementor-element-570778e elementor-widget elementor-widget-wpforms\" data-id=\"570778e\" data-element_type=\"widget\" data-e-type=\"widget\" data-widget_type=\"wpforms.default\">\n\t\t\t\t<div class=\"elementor-widget-container\">\n\t\t\t\t\t<div class=\"wpforms-container wpforms-container-full\" id=\"wpforms-114\"><form id=\"wpforms-form-114\" class=\"wpforms-validate wpforms-form wpforms-ajax-form\" data-formid=\"114\" method=\"post\" enctype=\"multipart\/form-data\" action=\"\/mala-strona-turystyka\/wp-json\/wp\/v2\/pages\/78\" data-token=\"3a95ba2fb3195a03857bd36f7beebf32\" data-token-time=\"1776941269\"><noscript class=\"wpforms-error-noscript\">Aby wype\u0142ni\u0107 ten formularz, w\u0142\u0105cz obs\u0142ug\u0119 JavaScript w przegl\u0105darce.<\/noscript><div class=\"wpforms-field-container\"><div id=\"wpforms-114-field_1-container\" class=\"wpforms-field wpforms-field-text wpforms-one-half wpforms-first\" data-field-id=\"1\"><label class=\"wpforms-field-label\" for=\"wpforms-114-field_1\">Imi\u0119 <span class=\"wpforms-required-label\">*<\/span><\/label><input type=\"text\" id=\"wpforms-114-field_1\" class=\"wpforms-field-large wpforms-field-required\" name=\"wpforms[fields][1]\" placeholder=\"Imi\u0119\" required><\/div><div id=\"wpforms-114-field_2-container\" class=\"wpforms-field wpforms-field-text wpforms-one-half\" data-field-id=\"2\"><label class=\"wpforms-field-label\" for=\"wpforms-114-field_2\">Nazwisko <span class=\"wpforms-required-label\">*<\/span><\/label><input type=\"text\" id=\"wpforms-114-field_2\" class=\"wpforms-field-large wpforms-field-required\" name=\"wpforms[fields][2]\" placeholder=\"Nazwisko\" required><\/div><div id=\"wpforms-114-field_3-container\" class=\"wpforms-field wpforms-field-text wpforms-one-half wpforms-first\" data-field-id=\"3\"><label class=\"wpforms-field-label\" for=\"wpforms-114-field_3\">Adres e-mail <span class=\"wpforms-required-label\">*<\/span><\/label><input type=\"text\" id=\"wpforms-114-field_3\" class=\"wpforms-field-large wpforms-field-required\" name=\"wpforms[fields][3]\" placeholder=\"Adres e-mail\" required><\/div><div id=\"wpforms-114-field_4-container\" class=\"wpforms-field wpforms-field-text wpforms-one-half\" data-field-id=\"4\"><label class=\"wpforms-field-label\" for=\"wpforms-114-field_4\">Numer telefonu <span class=\"wpforms-required-label\">*<\/span><\/label><input type=\"text\" id=\"wpforms-114-field_4\" class=\"wpforms-field-large wpforms-field-required\" name=\"wpforms[fields][4]\" placeholder=\"Numer telefonu\" required><\/div><div id=\"wpforms-114-field_5-container\" class=\"wpforms-field wpforms-field-textarea\" data-field-id=\"5\"><label class=\"wpforms-field-label\" for=\"wpforms-114-field_5\">Tre\u015b\u0107 widomo\u015bci<\/label><textarea id=\"wpforms-114-field_5\" class=\"wpforms-field-large\" name=\"wpforms[fields][5]\" ><\/textarea><\/div><div id=\"wpforms-114-field_6-container\" class=\"wpforms-field wpforms-field-checkbox\" data-field-id=\"6\"><label class=\"wpforms-field-label wpforms-label-hide\">Polityka <span class=\"wpforms-required-label\">*<\/span><\/label><ul id=\"wpforms-114-field_6\" class=\"wpforms-field-required\" data-choice-limit=\"1\"><li class=\"choice-1 depth-1\"><input type=\"checkbox\" id=\"wpforms-114-field_6_1\" data-rule-check-limit=\"true\" name=\"wpforms[fields][6][]\" value=\"Polityka prywatno\u015bci\" required ><label class=\"wpforms-field-label-inline\" for=\"wpforms-114-field_6_1\">Polityka prywatno\u015bci<\/label><\/li><\/ul><\/div><\/div><!-- .wpforms-field-container --><div class=\"wpforms-submit-container\" ><input type=\"hidden\" name=\"wpforms[id]\" value=\"114\"><input type=\"hidden\" name=\"page_title\" value=\"\"><input type=\"hidden\" name=\"page_url\" value=\"https:\/\/qwebby.co\/mala-strona-turystyka\/wp-json\/wp\/v2\/pages\/78\"><input type=\"hidden\" name=\"url_referer\" value=\"\"><button type=\"submit\" name=\"wpforms[submit]\" id=\"wpforms-submit-114\" class=\"wpforms-submit przycisk_form\" data-alt-text=\"Wysy\u0142anie...\" data-submit-text=\"Wy\u015blij\" aria-live=\"assertive\" value=\"wpforms-submit\">Wy\u015blij<\/button><img loading=\"lazy\" decoding=\"async\" src=\"https:\/\/qwebby.co\/mala-strona-turystyka\/wp-content\/plugins\/wpforms-lite\/assets\/images\/submit-spin.svg\" class=\"wpforms-submit-spinner\" style=\"display: none;\" width=\"26\" height=\"26\" alt=\"Wczytywanie\"><\/div><\/form><\/div>  <!-- .wpforms-container -->\t\t\t\t<\/div>\n\t\t\t\t<\/div>\n\t\t\t\t\t<\/div>\n\t\t<\/div>\n\t\t\t\t\t<\/div>\n\t\t<\/section>\n\t\t\t\t\t<\/div>\n\t\t<\/div>\n\t\t\t\t\t<\/div>\n\t\t<\/section>\n\t\t\t\t<\/div>\n\t\t","protected":false},"excerpt":{"rendered":"<p>Pensjonat &#8222;Relaks&#8221; ul. Bieszczadzka 1 00-000 Wetlina 111-222-333 pensjonatrelaks@gmail.com Zapytaj o szczeg\u00f3\u0142y Aby wype\u0142ni\u0107 ten formularz, w\u0142\u0105cz obs\u0142ug\u0119 JavaScript w przegl\u0105darce.Imi\u0119 *Nazwisko *Adres e-mail *Numer telefonu *Tre\u015b\u0107 widomo\u015bciPolityka * Polityka prywatno\u015bci Wy\u015blij<\/p>\n","protected":false},"author":1,"featured_media":0,"parent":0,"menu_order":0,"comment_status":"closed","ping_status":"closed","template":"elementor_header_footer","meta":{"footnotes":""},"class_list":["post-78","page","type-page","status-publish","hentry"],"_links":{"self":[{"href":"https:\/\/qwebby.co\/mala-strona-turystyka\/wp-json\/wp\/v2\/pages\/78","targetHints":{"allow":["GET"]}}],"collection":[{"href":"https:\/\/qwebby.co\/mala-strona-turystyka\/wp-json\/wp\/v2\/pages"}],"about":[{"href":"https:\/\/qwebby.co\/mala-strona-turystyka\/wp-json\/wp\/v2\/types\/page"}],"author":[{"embeddable":true,"href":"https:\/\/qwebby.co\/mala-strona-turystyka\/wp-json\/wp\/v2\/users\/1"}],"replies":[{"embeddable":true,"href":"https:\/\/qwebby.co\/mala-strona-turystyka\/wp-json\/wp\/v2\/comments?post=78"}],"version-history":[{"count":76,"href":"https:\/\/qwebby.co\/mala-strona-turystyka\/wp-json\/wp\/v2\/pages\/78\/revisions"}],"predecessor-version":[{"id":452,"href":"https:\/\/qwebby.co\/mala-strona-turystyka\/wp-json\/wp\/v2\/pages\/78\/revisions\/452"}],"wp:attachment":[{"href":"https:\/\/qwebby.co\/mala-strona-turystyka\/wp-json\/wp\/v2\/media?parent=78"}],"curies":[{"name":"wp","href":"https:\/\/api.w.org\/{rel}","templated":true}]}}