{"id":155,"date":"2022-12-21T17:28:35","date_gmt":"2022-12-21T17:28:35","guid":{"rendered":"https:\/\/qwebby.co\/mala-strona-turystyka\/?page_id=155"},"modified":"2024-07-10T12:30:29","modified_gmt":"2024-07-10T12:30:29","slug":"cennik","status":"publish","type":"page","link":"https:\/\/qwebby.co\/mala-strona-turystyka\/cennik\/","title":{"rendered":"Cennik"},"content":{"rendered":"\t\t<div data-elementor-type=\"wp-page\" data-elementor-id=\"155\" class=\"elementor elementor-155\">\n\t\t\t\t\t\t<section class=\"elementor-section elementor-top-section elementor-element elementor-element-0915345 elementor-section-height-min-height elementor-section-boxed elementor-section-height-default elementor-section-items-middle\" data-id=\"0915345\" data-element_type=\"section\" data-e-type=\"section\" data-settings=\"{&quot;background_background&quot;:&quot;classic&quot;}\">\n\t\t\t\t\t\t<div class=\"elementor-container elementor-column-gap-default\">\n\t\t\t\t\t<div class=\"elementor-column elementor-col-100 elementor-top-column elementor-element elementor-element-f1a6af0\" data-id=\"f1a6af0\" data-element_type=\"column\" data-e-type=\"column\">\n\t\t\t<div class=\"elementor-widget-wrap\">\n\t\t\t\t\t\t\t<\/div>\n\t\t<\/div>\n\t\t\t\t\t<\/div>\n\t\t<\/section>\n\t\t\t\t<section class=\"elementor-section elementor-top-section elementor-element elementor-element-bb71508 cennik elementor-section-boxed elementor-section-height-default elementor-section-height-default\" data-id=\"bb71508\" data-element_type=\"section\" data-e-type=\"section\">\n\t\t\t\t\t\t<div class=\"elementor-container elementor-column-gap-default\">\n\t\t\t\t\t<div class=\"elementor-column elementor-col-100 elementor-top-column elementor-element elementor-element-d7b659e\" data-id=\"d7b659e\" data-element_type=\"column\" data-e-type=\"column\">\n\t\t\t<div class=\"elementor-widget-wrap elementor-element-populated\">\n\t\t\t\t\t\t<div class=\"elementor-element elementor-element-0e42c38 elementor-widget elementor-widget-heading\" data-id=\"0e42c38\" data-element_type=\"widget\" data-e-type=\"widget\" data-widget_type=\"heading.default\">\n\t\t\t\t<div class=\"elementor-widget-container\">\n\t\t\t\t\t<h2 class=\"elementor-heading-title elementor-size-default\">Cennik na sezon 2022<\/h2>\t\t\t\t<\/div>\n\t\t\t\t<\/div>\n\t\t\t\t<section class=\"elementor-section elementor-inner-section elementor-element elementor-element-6bf9dc5 elementor-section-boxed elementor-section-height-default elementor-section-height-default\" data-id=\"6bf9dc5\" data-element_type=\"section\" data-e-type=\"section\">\n\t\t\t\t\t\t<div class=\"elementor-container elementor-column-gap-default\">\n\t\t\t\t\t<div class=\"elementor-column elementor-col-50 elementor-inner-column elementor-element elementor-element-6a0471e tab\" data-id=\"6a0471e\" data-element_type=\"column\" data-e-type=\"column\" data-settings=\"{&quot;background_background&quot;:&quot;classic&quot;}\">\n\t\t\t<div class=\"elementor-widget-wrap elementor-element-populated\">\n\t\t\t\t\t\t<div class=\"elementor-element elementor-element-8d3ed89 elementor-widget elementor-widget-heading\" data-id=\"8d3ed89\" data-element_type=\"widget\" data-e-type=\"widget\" data-widget_type=\"heading.default\">\n\t\t\t\t<div class=\"elementor-widget-container\">\n\t\t\t\t\t<h2 class=\"elementor-heading-title elementor-size-default\">Pokoje<\/h2>\t\t\t\t<\/div>\n\t\t\t\t<\/div>\n\t\t\t\t<div class=\"elementor-element elementor-element-ceada4d elementor-widget elementor-widget-text-editor\" data-id=\"ceada4d\" data-element_type=\"widget\" data-e-type=\"widget\" data-widget_type=\"text-editor.default\">\n\t\t\t\t<div class=\"elementor-widget-container\">\n\t\t\t\t\t\t\t\t\t<table><tbody><tr><td><strong>Pok\u00f3j 2-osobowy<\/strong><\/td><td style=\"text-align: right;\"><strong>120z\u0142\/dob\u0119<\/strong><\/td><\/tr><tr><td><strong>Pok\u00f3j 3-osobowy<\/strong><\/td><td style=\"text-align: right;\"><strong>170z\u0142\/dob\u0119<\/strong><\/td><\/tr><tr><td><strong>Pok\u00f3j 4-osobowy<\/strong><\/td><td style=\"text-align: right;\"><strong>220z\u0142\/dob\u0119<\/strong><\/td><\/tr><tr><td><strong>Apartament 4-osobowy<\/strong><\/td><td style=\"text-align: right;\"><strong>300z\u0142\/dob\u0119<\/strong><\/td><\/tr><\/tbody><\/table>\t\t\t\t\t\t\t\t<\/div>\n\t\t\t\t<\/div>\n\t\t\t\t\t<\/div>\n\t\t<\/div>\n\t\t\t\t<div class=\"elementor-column elementor-col-50 elementor-inner-column elementor-element elementor-element-a19d9b2 tab\" data-id=\"a19d9b2\" data-element_type=\"column\" data-e-type=\"column\">\n\t\t\t<div class=\"elementor-widget-wrap elementor-element-populated\">\n\t\t\t\t\t\t<div class=\"elementor-element elementor-element-b0bf2c4 elementor-widget elementor-widget-heading\" data-id=\"b0bf2c4\" data-element_type=\"widget\" data-e-type=\"widget\" data-widget_type=\"heading.default\">\n\t\t\t\t<div class=\"elementor-widget-container\">\n\t\t\t\t\t<h2 class=\"elementor-heading-title elementor-size-default\">Dodatkowe us\u0142ugi<\/h2>\t\t\t\t<\/div>\n\t\t\t\t<\/div>\n\t\t\t\t<div class=\"elementor-element elementor-element-7efb13c elementor-widget elementor-widget-text-editor\" data-id=\"7efb13c\" data-element_type=\"widget\" data-e-type=\"widget\" data-widget_type=\"text-editor.default\">\n\t\t\t\t<div class=\"elementor-widget-container\">\n\t\t\t\t\t\t\t\t\t<table><tbody><tr><td><strong>Pies<\/strong><\/td><td><strong>20z\u0142\/dob\u0119<\/strong><\/td><\/tr><tr><td><strong>Wypo\u017cyczenie roweru<\/strong><\/td><td><strong>25z\u0142\/dob\u0119<\/strong><\/td><\/tr><tr><td><strong>Podatek miejscowy<\/strong><\/td><td><strong>2z\u0142\/os na dob\u0119<\/strong><\/td><\/tr><\/tbody><\/table>\t\t\t\t\t\t\t\t<\/div>\n\t\t\t\t<\/div>\n\t\t\t\t\t<\/div>\n\t\t<\/div>\n\t\t\t\t\t<\/div>\n\t\t<\/section>\n\t\t\t\t<section class=\"elementor-section elementor-inner-section elementor-element elementor-element-91d5ed1 elementor-section-boxed elementor-section-height-default elementor-section-height-default\" data-id=\"91d5ed1\" data-element_type=\"section\" data-e-type=\"section\">\n\t\t\t\t\t\t<div class=\"elementor-container elementor-column-gap-default\">\n\t\t\t\t\t<div class=\"elementor-column elementor-col-50 elementor-inner-column elementor-element elementor-element-e205dd1\" data-id=\"e205dd1\" data-element_type=\"column\" data-e-type=\"column\">\n\t\t\t<div class=\"elementor-widget-wrap elementor-element-populated\">\n\t\t\t\t\t\t<div class=\"elementor-element elementor-element-516d3e5 elementor-widget elementor-widget-text-editor\" data-id=\"516d3e5\" data-element_type=\"widget\" data-e-type=\"widget\" data-widget_type=\"text-editor.default\">\n\t\t\t\t<div class=\"elementor-widget-container\">\n\t\t\t\t\t\t\t\t\t<p>Lorem ipsum dolor sit amet, consectetur adipiscing elit. Ut elit tellus, luctus nec ullamcorper mattis, pulvinar dapibus leo.<\/p>\t\t\t\t\t\t\t\t<\/div>\n\t\t\t\t<\/div>\n\t\t\t\t\t<\/div>\n\t\t<\/div>\n\t\t\t\t<div class=\"elementor-column elementor-col-50 elementor-inner-column elementor-element elementor-element-0372ea6\" data-id=\"0372ea6\" data-element_type=\"column\" data-e-type=\"column\">\n\t\t\t<div class=\"elementor-widget-wrap elementor-element-populated\">\n\t\t\t\t\t\t<div class=\"elementor-element elementor-element-727c64f elementor-widget elementor-widget-text-editor\" data-id=\"727c64f\" data-element_type=\"widget\" data-e-type=\"widget\" data-widget_type=\"text-editor.default\">\n\t\t\t\t<div class=\"elementor-widget-container\">\n\t\t\t\t\t\t\t\t\t<p>Lorem ipsum dolor sit amet, consectetur adipiscing elit. Ut elit tellus, luctus nec ullamcorper mattis, pulvinar dapibus leo.<\/p>\t\t\t\t\t\t\t\t<\/div>\n\t\t\t\t<\/div>\n\t\t\t\t\t<\/div>\n\t\t<\/div>\n\t\t\t\t\t<\/div>\n\t\t<\/section>\n\t\t\t\t\t<\/div>\n\t\t<\/div>\n\t\t\t\t\t<\/div>\n\t\t<\/section>\n\t\t\t\t<\/div>\n\t\t","protected":false},"excerpt":{"rendered":"<p>Cennik na sezon 2022 Pokoje Pok\u00f3j 2-osobowy 120z\u0142\/dob\u0119 Pok\u00f3j 3-osobowy 170z\u0142\/dob\u0119 Pok\u00f3j 4-osobowy 220z\u0142\/dob\u0119 Apartament 4-osobowy 300z\u0142\/dob\u0119 Dodatkowe us\u0142ugi Pies 20z\u0142\/dob\u0119 Wypo\u017cyczenie roweru 25z\u0142\/dob\u0119 Podatek miejscowy 2z\u0142\/os na dob\u0119 Lorem ipsum dolor sit amet, consectetur adipiscing elit. Ut elit tellus, luctus nec ullamcorper mattis, pulvinar dapibus leo. Lorem ipsum dolor sit amet, consectetur adipiscing elit. [&hellip;]<\/p>\n","protected":false},"author":1,"featured_media":0,"parent":0,"menu_order":0,"comment_status":"closed","ping_status":"closed","template":"elementor_header_footer","meta":{"footnotes":""},"class_list":["post-155","page","type-page","status-publish","hentry"],"_links":{"self":[{"href":"https:\/\/qwebby.co\/mala-strona-turystyka\/wp-json\/wp\/v2\/pages\/155","targetHints":{"allow":["GET"]}}],"collection":[{"href":"https:\/\/qwebby.co\/mala-strona-turystyka\/wp-json\/wp\/v2\/pages"}],"about":[{"href":"https:\/\/qwebby.co\/mala-strona-turystyka\/wp-json\/wp\/v2\/types\/page"}],"author":[{"embeddable":true,"href":"https:\/\/qwebby.co\/mala-strona-turystyka\/wp-json\/wp\/v2\/users\/1"}],"replies":[{"embeddable":true,"href":"https:\/\/qwebby.co\/mala-strona-turystyka\/wp-json\/wp\/v2\/comments?post=155"}],"version-history":[{"count":40,"href":"https:\/\/qwebby.co\/mala-strona-turystyka\/wp-json\/wp\/v2\/pages\/155\/revisions"}],"predecessor-version":[{"id":435,"href":"https:\/\/qwebby.co\/mala-strona-turystyka\/wp-json\/wp\/v2\/pages\/155\/revisions\/435"}],"wp:attachment":[{"href":"https:\/\/qwebby.co\/mala-strona-turystyka\/wp-json\/wp\/v2\/media?parent=155"}],"curies":[{"name":"wp","href":"https:\/\/api.w.org\/{rel}","templated":true}]}}