{"id":226,"date":"2023-03-27T14:03:12","date_gmt":"2023-03-27T14:03:12","guid":{"rendered":"https:\/\/qwebby.co\/duza-strona-restauracja\/?page_id=226"},"modified":"2024-07-18T07:40:58","modified_gmt":"2024-07-18T07:40:58","slug":"kontakt","status":"publish","type":"page","link":"https:\/\/qwebby.co\/duza-strona-restauracja\/kontakt\/","title":{"rendered":"Kontakt"},"content":{"rendered":"\t\t<div data-elementor-type=\"wp-page\" data-elementor-id=\"226\" class=\"elementor elementor-226\">\n\t\t\t\t\t\t<section class=\"elementor-section elementor-top-section elementor-element elementor-element-7e827ad elementor-section-height-min-height elementor-section-boxed elementor-section-height-default elementor-section-items-middle\" data-id=\"7e827ad\" data-element_type=\"section\" data-e-type=\"section\" id=\"zamawianie\" data-settings=\"{&quot;background_background&quot;:&quot;classic&quot;}\">\n\t\t\t\t\t\t<div class=\"elementor-container elementor-column-gap-default\">\n\t\t\t\t\t<div class=\"elementor-column elementor-col-100 elementor-top-column elementor-element elementor-element-bc1e9be\" data-id=\"bc1e9be\" data-element_type=\"column\" data-e-type=\"column\">\n\t\t\t<div class=\"elementor-widget-wrap elementor-element-populated\">\n\t\t\t\t\t\t<div class=\"elementor-element elementor-element-68c8935 elementor-widget elementor-widget-heading\" data-id=\"68c8935\" data-element_type=\"widget\" data-e-type=\"widget\" id=\"mapka\" data-widget_type=\"heading.default\">\n\t\t\t\t<div class=\"elementor-widget-container\">\n\t\t\t\t\t<h2 class=\"elementor-heading-title elementor-size-default\">POLSKA BURGEROWNIA \"AMM AMM\"<\/h2>\t\t\t\t<\/div>\n\t\t\t\t<\/div>\n\t\t\t\t<section class=\"elementor-section elementor-inner-section elementor-element elementor-element-bf682ed elementor-section-boxed elementor-section-height-default elementor-section-height-default\" data-id=\"bf682ed\" data-element_type=\"section\" data-e-type=\"section\">\n\t\t\t\t\t\t<div class=\"elementor-container elementor-column-gap-default\">\n\t\t\t\t\t<div class=\"elementor-column elementor-col-33 elementor-inner-column elementor-element elementor-element-028f13a\" data-id=\"028f13a\" data-element_type=\"column\" data-e-type=\"column\">\n\t\t\t<div class=\"elementor-widget-wrap elementor-element-populated\">\n\t\t\t\t\t\t<div class=\"elementor-element elementor-element-642debb elementor-widget__width-initial elementor-widget elementor-widget-image\" data-id=\"642debb\" data-element_type=\"widget\" data-e-type=\"widget\" data-widget_type=\"image.default\">\n\t\t\t\t<div class=\"elementor-widget-container\">\n\t\t\t\t\t\t\t\t\t\t\t\t\t\t\t\t<a href=\"https:\/\/www.google.com\/maps\/place\/Agencja+Marketingowa+TW%C3%93RNIA\/@51.7563775,19.416157,18z\/data=!4m14!1m7!3m6!1s0x471a3528ce18b23b:0xe7c20945c44ae2f1!2sWytw%C3%B3rnia!8m2!3d51.7577653!4d19.4428887!16s%2Fg%2F11gh4dq26_!3m5!1s0x471a35569e368323:0xa16c15be12c0b3f1!8m2!3d51.7567878!4d19.4163915!16s%2Fg%2F11cmdgsgxv\">\n\t\t\t\t\t\t\t<img decoding=\"async\" width=\"23\" height=\"31\" src=\"https:\/\/qwebby.co\/duza-strona-restauracja\/wp-content\/uploads\/2023\/03\/Group-562.svg\" class=\"attachment-large size-large wp-image-80\" alt=\"\" \/>\t\t\t\t\t\t\t\t<\/a>\n\t\t\t\t\t\t\t\t\t\t\t\t\t\t\t<\/div>\n\t\t\t\t<\/div>\n\t\t\t\t<div class=\"elementor-element elementor-element-b40fafa elementor-widget__width-initial elementor-widget elementor-widget-text-editor\" data-id=\"b40fafa\" data-element_type=\"widget\" data-e-type=\"widget\" data-widget_type=\"text-editor.default\">\n\t\t\t\t<div class=\"elementor-widget-container\">\n\t\t\t\t\t\t\t\t\t<p><a href=\"https:\/\/www.google.com\/maps\/place\/Agencja+Marketingowa+TW%C3%93RNIA\/@51.7563775,19.416157,18z\/data=!4m14!1m7!3m6!1s0x471a3528ce18b23b:0xe7c20945c44ae2f1!2sWytw%C3%B3rnia!8m2!3d51.7577653!4d19.4428887!16s%2Fg%2F11gh4dq26_!3m5!1s0x471a35569e368323:0xa16c15be12c0b3f1!8m2!3d51.7567878!4d19.4163915!16s%2Fg%2F11cmdgsgxv\" target=\"_blank\" rel=\"noopener\">ul. Wo\u0142owa 2\/5<br \/>00-000 Radom<\/a><\/p>\t\t\t\t\t\t\t\t<\/div>\n\t\t\t\t<\/div>\n\t\t\t\t<div class=\"elementor-element elementor-element-00f33fa elementor-widget__width-initial elementor-widget elementor-widget-image\" data-id=\"00f33fa\" data-element_type=\"widget\" data-e-type=\"widget\" data-widget_type=\"image.default\">\n\t\t\t\t<div class=\"elementor-widget-container\">\n\t\t\t\t\t\t\t\t\t\t\t\t\t\t\t\t<a href=\"tel:111222333\">\n\t\t\t\t\t\t\t<img decoding=\"async\" width=\"25\" height=\"25\" src=\"https:\/\/qwebby.co\/duza-strona-restauracja\/wp-content\/uploads\/2023\/03\/Group-564.svg\" class=\"attachment-large size-large wp-image-81\" alt=\"\" \/>\t\t\t\t\t\t\t\t<\/a>\n\t\t\t\t\t\t\t\t\t\t\t\t\t\t\t<\/div>\n\t\t\t\t<\/div>\n\t\t\t\t<div class=\"elementor-element elementor-element-9856845 elementor-widget__width-initial elementor-widget elementor-widget-text-editor\" data-id=\"9856845\" data-element_type=\"widget\" data-e-type=\"widget\" data-widget_type=\"text-editor.default\">\n\t\t\t\t<div class=\"elementor-widget-container\">\n\t\t\t\t\t\t\t\t\t<a href=\"tel:111222333\">111-222-333<\/a> \t\t\t\t\t\t\t\t<\/div>\n\t\t\t\t<\/div>\n\t\t\t\t<div class=\"elementor-element elementor-element-4c6199a elementor-widget__width-initial elementor-widget elementor-widget-image\" data-id=\"4c6199a\" data-element_type=\"widget\" data-e-type=\"widget\" data-widget_type=\"image.default\">\n\t\t\t\t<div class=\"elementor-widget-container\">\n\t\t\t\t\t\t\t\t\t\t\t\t\t\t\t\t<a href=\"mailto:ammamm@gmail.com\">\n\t\t\t\t\t\t\t<img decoding=\"async\" width=\"28\" height=\"20\" src=\"https:\/\/qwebby.co\/duza-strona-restauracja\/wp-content\/uploads\/2023\/03\/Group-561.svg\" class=\"attachment-large size-large wp-image-82\" alt=\"\" \/>\t\t\t\t\t\t\t\t<\/a>\n\t\t\t\t\t\t\t\t\t\t\t\t\t\t\t<\/div>\n\t\t\t\t<\/div>\n\t\t\t\t<div class=\"elementor-element elementor-element-be599ad elementor-widget__width-initial elementor-widget elementor-widget-text-editor\" data-id=\"be599ad\" data-element_type=\"widget\" data-e-type=\"widget\" data-widget_type=\"text-editor.default\">\n\t\t\t\t<div class=\"elementor-widget-container\">\n\t\t\t\t\t\t\t\t\t<a href=\"mailto:ammamm@gmail.com\">ammamm@gmail.com<\/a>\t\t\t\t\t\t\t\t<\/div>\n\t\t\t\t<\/div>\n\t\t\t\t\t<\/div>\n\t\t<\/div>\n\t\t\t\t<div class=\"elementor-column elementor-col-33 elementor-inner-column elementor-element elementor-element-235b59a\" data-id=\"235b59a\" data-element_type=\"column\" data-e-type=\"column\">\n\t\t\t<div class=\"elementor-widget-wrap elementor-element-populated\">\n\t\t\t\t\t\t<div class=\"elementor-element elementor-element-a65410e elementor-widget elementor-widget-text-editor\" data-id=\"a65410e\" data-element_type=\"widget\" data-e-type=\"widget\" data-widget_type=\"text-editor.default\">\n\t\t\t\t<div class=\"elementor-widget-container\">\n\t\t\t\t\t\t\t\t\t<p><b style=\"color: var(--e-global-color-primary );\">GODZINY OTWARCIA<\/b><\/p>\t\t\t\t\t\t\t\t<\/div>\n\t\t\t\t<\/div>\n\t\t\t\t<div class=\"elementor-element elementor-element-69d097e elementor-widget__width-auto elementor-widget elementor-widget-text-editor\" data-id=\"69d097e\" data-element_type=\"widget\" data-e-type=\"widget\" data-widget_type=\"text-editor.default\">\n\t\t\t\t<div class=\"elementor-widget-container\">\n\t\t\t\t\t\t\t\t\t<p>Poniedzia\u0142ek &#8211; Pi\u0105tek<br \/>Sobota<br \/>Niedziela<\/p>\t\t\t\t\t\t\t\t<\/div>\n\t\t\t\t<\/div>\n\t\t\t\t<div class=\"elementor-element elementor-element-40e57e8 elementor-widget__width-auto elementor-widget elementor-widget-text-editor\" data-id=\"40e57e8\" data-element_type=\"widget\" data-e-type=\"widget\" data-widget_type=\"text-editor.default\">\n\t\t\t\t<div class=\"elementor-widget-container\">\n\t\t\t\t\t\t\t\t\t<p>8-20<br \/>10-22<br \/>12-21<\/p>\t\t\t\t\t\t\t\t<\/div>\n\t\t\t\t<\/div>\n\t\t\t\t\t<\/div>\n\t\t<\/div>\n\t\t\t\t<div class=\"elementor-column elementor-col-33 elementor-inner-column elementor-element elementor-element-df10052\" data-id=\"df10052\" data-element_type=\"column\" data-e-type=\"column\">\n\t\t\t<div class=\"elementor-widget-wrap\">\n\t\t\t\t\t\t\t<\/div>\n\t\t<\/div>\n\t\t\t\t\t<\/div>\n\t\t<\/section>\n\t\t\t\t<section class=\"elementor-section elementor-inner-section elementor-element elementor-element-9c73985 elementor-section-boxed elementor-section-height-default elementor-section-height-default\" data-id=\"9c73985\" data-element_type=\"section\" data-e-type=\"section\">\n\t\t\t\t\t\t<div class=\"elementor-container elementor-column-gap-default\">\n\t\t\t\t\t<div class=\"elementor-column elementor-col-50 elementor-inner-column elementor-element elementor-element-5fc14a3\" data-id=\"5fc14a3\" data-element_type=\"column\" data-e-type=\"column\">\n\t\t\t<div class=\"elementor-widget-wrap elementor-element-populated\">\n\t\t\t\t\t\t<div class=\"elementor-element elementor-element-68fbd55 elementor-widget elementor-widget-image\" data-id=\"68fbd55\" data-element_type=\"widget\" data-e-type=\"widget\" data-widget_type=\"image.default\">\n\t\t\t\t<div class=\"elementor-widget-container\">\n\t\t\t\t\t\t\t\t\t\t\t\t\t\t\t<img loading=\"lazy\" decoding=\"async\" width=\"615\" height=\"4\" src=\"https:\/\/qwebby.co\/duza-strona-restauracja\/wp-content\/uploads\/2023\/03\/Group-576.png\" class=\"attachment-large size-large wp-image-83\" alt=\"\" srcset=\"https:\/\/qwebby.co\/duza-strona-restauracja\/wp-content\/uploads\/2023\/03\/Group-576.png 615w, https:\/\/qwebby.co\/duza-strona-restauracja\/wp-content\/uploads\/2023\/03\/Group-576-300x2.png 300w\" sizes=\"(max-width: 615px) 100vw, 615px\" \/>\t\t\t\t\t\t\t\t\t\t\t\t\t\t\t<\/div>\n\t\t\t\t<\/div>\n\t\t\t\t\t<\/div>\n\t\t<\/div>\n\t\t\t\t<div class=\"elementor-column elementor-col-50 elementor-inner-column elementor-element elementor-element-1195544\" data-id=\"1195544\" data-element_type=\"column\" data-e-type=\"column\">\n\t\t\t<div class=\"elementor-widget-wrap\">\n\t\t\t\t\t\t\t<\/div>\n\t\t<\/div>\n\t\t\t\t\t<\/div>\n\t\t<\/section>\n\t\t\t\t<section class=\"elementor-section elementor-inner-section elementor-element elementor-element-dfeb8b4 elementor-section-boxed elementor-section-height-default elementor-section-height-default\" data-id=\"dfeb8b4\" data-element_type=\"section\" data-e-type=\"section\">\n\t\t\t\t\t\t<div class=\"elementor-container elementor-column-gap-default\">\n\t\t\t\t\t<div class=\"elementor-column elementor-col-33 elementor-inner-column elementor-element elementor-element-40b6ad1\" data-id=\"40b6ad1\" data-element_type=\"column\" data-e-type=\"column\">\n\t\t\t<div class=\"elementor-widget-wrap elementor-element-populated\">\n\t\t\t\t\t\t<div class=\"elementor-element elementor-element-81a9643 elementor-widget elementor-widget-image\" data-id=\"81a9643\" data-element_type=\"widget\" data-e-type=\"widget\" data-widget_type=\"image.default\">\n\t\t\t\t<div class=\"elementor-widget-container\">\n\t\t\t\t\t\t\t\t\t\t\t\t\t\t\t<img loading=\"lazy\" decoding=\"async\" width=\"45\" height=\"41\" src=\"https:\/\/qwebby.co\/duza-strona-restauracja\/wp-content\/uploads\/2023\/03\/Group-547-e1679922076200.png\" class=\"attachment-large size-large wp-image-139\" alt=\"\" \/>\t\t\t\t\t\t\t\t\t\t\t\t\t\t\t<\/div>\n\t\t\t\t<\/div>\n\t\t\t\t\t<\/div>\n\t\t<\/div>\n\t\t\t\t<div class=\"elementor-column elementor-col-33 elementor-inner-column elementor-element elementor-element-deb3be3\" data-id=\"deb3be3\" data-element_type=\"column\" data-e-type=\"column\">\n\t\t\t<div class=\"elementor-widget-wrap elementor-element-populated\">\n\t\t\t\t\t\t<div class=\"elementor-element elementor-element-5da6760 elementor-widget elementor-widget-image\" data-id=\"5da6760\" data-element_type=\"widget\" data-e-type=\"widget\" data-widget_type=\"image.default\">\n\t\t\t\t<div class=\"elementor-widget-container\">\n\t\t\t\t\t\t\t\t\t\t\t\t\t\t\t<img loading=\"lazy\" decoding=\"async\" width=\"22\" height=\"40\" src=\"https:\/\/qwebby.co\/duza-strona-restauracja\/wp-content\/uploads\/2023\/03\/Group-545.png\" class=\"attachment-large size-large wp-image-87\" alt=\"\" \/>\t\t\t\t\t\t\t\t\t\t\t\t\t\t\t<\/div>\n\t\t\t\t<\/div>\n\t\t\t\t\t<\/div>\n\t\t<\/div>\n\t\t\t\t<div class=\"elementor-column elementor-col-33 elementor-inner-column elementor-element elementor-element-c7c83a8\" data-id=\"c7c83a8\" data-element_type=\"column\" data-e-type=\"column\">\n\t\t\t<div class=\"elementor-widget-wrap\">\n\t\t\t\t\t\t\t<\/div>\n\t\t<\/div>\n\t\t\t\t\t<\/div>\n\t\t<\/section>\n\t\t\t\t<section class=\"elementor-section elementor-inner-section elementor-element elementor-element-f86c94c elementor-section-boxed elementor-section-height-default elementor-section-height-default\" data-id=\"f86c94c\" data-element_type=\"section\" data-e-type=\"section\">\n\t\t\t\t\t\t<div class=\"elementor-container elementor-column-gap-default\">\n\t\t\t\t\t<div class=\"elementor-column elementor-col-33 elementor-inner-column elementor-element elementor-element-acac6d2\" data-id=\"acac6d2\" data-element_type=\"column\" data-e-type=\"column\">\n\t\t\t<div class=\"elementor-widget-wrap elementor-element-populated\">\n\t\t\t\t\t\t<div class=\"elementor-element elementor-element-9c2dbd9 button-pelny-odwrotny  button-tlo elementor-align-center elementor-widget elementor-widget-button\" data-id=\"9c2dbd9\" data-element_type=\"widget\" data-e-type=\"widget\" data-widget_type=\"button.default\">\n\t\t\t\t<div class=\"elementor-widget-container\">\n\t\t\t\t\t\t\t\t\t<div class=\"elementor-button-wrapper\">\n\t\t\t\t\t<a class=\"elementor-button elementor-button-link elementor-size-sm\" href=\"tel:+48111222333\">\n\t\t\t\t\t\t<span class=\"elementor-button-content-wrapper\">\n\t\t\t\t\t\t\t\t\t<span class=\"elementor-button-text\">ZADZWO\u0143 DO NAS<\/span>\n\t\t\t\t\t<\/span>\n\t\t\t\t\t<\/a>\n\t\t\t\t<\/div>\n\t\t\t\t\t\t\t\t<\/div>\n\t\t\t\t<\/div>\n\t\t\t\t\t<\/div>\n\t\t<\/div>\n\t\t\t\t<div class=\"elementor-column elementor-col-33 elementor-inner-column elementor-element elementor-element-dab279d\" data-id=\"dab279d\" data-element_type=\"column\" data-e-type=\"column\">\n\t\t\t<div class=\"elementor-widget-wrap elementor-element-populated\">\n\t\t\t\t\t\t<div class=\"elementor-element elementor-element-4798f80 button-pelny button-tlo elementor-align-center elementor-widget elementor-widget-button\" data-id=\"4798f80\" data-element_type=\"widget\" data-e-type=\"widget\" data-widget_type=\"button.default\">\n\t\t\t\t<div class=\"elementor-widget-container\">\n\t\t\t\t\t\t\t\t\t<div class=\"elementor-button-wrapper\">\n\t\t\t\t\t<a class=\"elementor-button elementor-button-link elementor-size-sm\" href=\"https:\/\/www.pyszne.pl\/\" target=\"_blank\" rel=\"nofollow\">\n\t\t\t\t\t\t<span class=\"elementor-button-content-wrapper\">\n\t\t\t\t\t\t\t\t\t<span class=\"elementor-button-text\">ZAM\u00d3W PRZEZ PYSZNE.PL<\/span>\n\t\t\t\t\t<\/span>\n\t\t\t\t\t<\/a>\n\t\t\t\t<\/div>\n\t\t\t\t\t\t\t\t<\/div>\n\t\t\t\t<\/div>\n\t\t\t\t\t<\/div>\n\t\t<\/div>\n\t\t\t\t<div class=\"elementor-column elementor-col-33 elementor-inner-column elementor-element elementor-element-f430ead\" data-id=\"f430ead\" data-element_type=\"column\" data-e-type=\"column\">\n\t\t\t<div class=\"elementor-widget-wrap\">\n\t\t\t\t\t\t\t<\/div>\n\t\t<\/div>\n\t\t\t\t\t<\/div>\n\t\t<\/section>\n\t\t\t\t\t<\/div>\n\t\t<\/div>\n\t\t\t\t\t<\/div>\n\t\t<\/section>\n\t\t\t\t<section class=\"elementor-section elementor-top-section elementor-element elementor-element-a3a4f31 elementor-section-boxed elementor-section-height-default elementor-section-height-default\" data-id=\"a3a4f31\" data-element_type=\"section\" data-e-type=\"section\">\n\t\t\t\t\t\t<div class=\"elementor-container elementor-column-gap-default\">\n\t\t\t\t\t<div class=\"elementor-column elementor-col-100 elementor-top-column elementor-element elementor-element-8824cb7\" data-id=\"8824cb7\" data-element_type=\"column\" data-e-type=\"column\">\n\t\t\t<div class=\"elementor-widget-wrap elementor-element-populated\">\n\t\t\t\t\t\t<div class=\"elementor-element elementor-element-6787e16 elementor-widget elementor-widget-google_maps\" data-id=\"6787e16\" data-element_type=\"widget\" data-e-type=\"widget\" data-widget_type=\"google_maps.default\">\n\t\t\t\t<div class=\"elementor-widget-container\">\n\t\t\t\t\t\t\t<div class=\"elementor-custom-embed\">\n\t\t\t<iframe loading=\"lazy\"\n\t\t\t\t\tsrc=\"https:\/\/maps.google.com\/maps?q=ul.%20Zyndrama%2056%2F1&#038;t=m&#038;z=15&#038;output=embed&#038;iwloc=near\"\n\t\t\t\t\ttitle=\"ul. Zyndrama 56\/1\"\n\t\t\t\t\taria-label=\"ul. Zyndrama 56\/1\"\n\t\t\t><\/iframe>\n\t\t<\/div>\n\t\t\t\t\t\t<\/div>\n\t\t\t\t<\/div>\n\t\t\t\t\t<\/div>\n\t\t<\/div>\n\t\t\t\t\t<\/div>\n\t\t<\/section>\n\t\t\t\t<\/div>\n\t\t","protected":false},"excerpt":{"rendered":"<p>POLSKA BURGEROWNIA &#8222;AMM AMM&#8221; ul. Wo\u0142owa 2\/500-000 Radom 111-222-333 ammamm@gmail.com GODZINY OTWARCIA Poniedzia\u0142ek &#8211; Pi\u0105tekSobotaNiedziela 8-2010-2212-21 ZADZWO\u0143 DO NAS ZAM\u00d3W PRZEZ PYSZNE.PL<\/p>\n","protected":false},"author":1,"featured_media":0,"parent":0,"menu_order":0,"comment_status":"closed","ping_status":"closed","template":"","meta":{"footnotes":""},"class_list":["post-226","page","type-page","status-publish","hentry"],"_links":{"self":[{"href":"https:\/\/qwebby.co\/duza-strona-restauracja\/wp-json\/wp\/v2\/pages\/226","targetHints":{"allow":["GET"]}}],"collection":[{"href":"https:\/\/qwebby.co\/duza-strona-restauracja\/wp-json\/wp\/v2\/pages"}],"about":[{"href":"https:\/\/qwebby.co\/duza-strona-restauracja\/wp-json\/wp\/v2\/types\/page"}],"author":[{"embeddable":true,"href":"https:\/\/qwebby.co\/duza-strona-restauracja\/wp-json\/wp\/v2\/users\/1"}],"replies":[{"embeddable":true,"href":"https:\/\/qwebby.co\/duza-strona-restauracja\/wp-json\/wp\/v2\/comments?post=226"}],"version-history":[{"count":55,"href":"https:\/\/qwebby.co\/duza-strona-restauracja\/wp-json\/wp\/v2\/pages\/226\/revisions"}],"predecessor-version":[{"id":846,"href":"https:\/\/qwebby.co\/duza-strona-restauracja\/wp-json\/wp\/v2\/pages\/226\/revisions\/846"}],"wp:attachment":[{"href":"https:\/\/qwebby.co\/duza-strona-restauracja\/wp-json\/wp\/v2\/media?parent=226"}],"curies":[{"name":"wp","href":"https:\/\/api.w.org\/{rel}","templated":true}]}}