{"id":545,"date":"2023-03-24T15:12:16","date_gmt":"2023-03-24T15:12:16","guid":{"rendered":"https:\/\/qwebby.co\/duza-strona-parafia\/?page_id=545"},"modified":"2023-03-27T09:19:15","modified_gmt":"2023-03-27T09:19:15","slug":"kontakt","status":"publish","type":"page","link":"https:\/\/qwebby.co\/duza-strona-parafia\/kontakt\/","title":{"rendered":"Kontakt"},"content":{"rendered":"\t\t<div data-elementor-type=\"wp-page\" data-elementor-id=\"545\" class=\"elementor elementor-545\">\n\t\t\t\t\t\t<section class=\"elementor-section elementor-top-section elementor-element elementor-element-f24395e elementor-section-height-min-height elementor-section-items-bottom elementor-section-content-middle elementor-section-boxed elementor-section-height-default\" data-id=\"f24395e\" data-element_type=\"section\" data-e-type=\"section\" data-settings=\"{&quot;background_background&quot;:&quot;classic&quot;}\">\n\t\t\t\t\t\t<div class=\"elementor-container elementor-column-gap-default\">\n\t\t\t\t\t<div class=\"elementor-column elementor-col-100 elementor-top-column elementor-element elementor-element-a42edfe\" data-id=\"a42edfe\" data-element_type=\"column\" data-e-type=\"column\">\n\t\t\t<div class=\"elementor-widget-wrap elementor-element-populated\">\n\t\t\t\t\t\t<div class=\"elementor-element elementor-element-7af04f7 elementor-widget elementor-widget-heading\" data-id=\"7af04f7\" data-element_type=\"widget\" data-e-type=\"widget\" data-widget_type=\"heading.default\">\n\t\t\t\t<div class=\"elementor-widget-container\">\n\t\t\t\t\t<h2 class=\"elementor-heading-title elementor-size-default\">KONTAKT<\/h2>\t\t\t\t<\/div>\n\t\t\t\t<\/div>\n\t\t\t\t\t<\/div>\n\t\t<\/div>\n\t\t\t\t\t<\/div>\n\t\t<\/section>\n\t\t\t\t<section class=\"elementor-section elementor-top-section elementor-element elementor-element-2c76305 Duszpasterstwo elementor-section-boxed elementor-section-height-default elementor-section-height-default\" data-id=\"2c76305\" data-element_type=\"section\" data-e-type=\"section\">\n\t\t\t\t\t\t<div class=\"elementor-container elementor-column-gap-default\">\n\t\t\t\t\t<div class=\"elementor-column elementor-col-100 elementor-top-column elementor-element elementor-element-5c18be1\" data-id=\"5c18be1\" data-element_type=\"column\" data-e-type=\"column\" data-settings=\"{&quot;background_background&quot;:&quot;classic&quot;}\">\n\t\t\t<div class=\"elementor-widget-wrap elementor-element-populated\">\n\t\t\t\t\t\t<section class=\"elementor-section elementor-inner-section elementor-element elementor-element-665bbc6 elementor-section-boxed elementor-section-height-default elementor-section-height-default\" data-id=\"665bbc6\" data-element_type=\"section\" data-e-type=\"section\">\n\t\t\t\t\t\t<div class=\"elementor-container elementor-column-gap-default\">\n\t\t\t\t\t<div class=\"elementor-column elementor-col-50 elementor-inner-column elementor-element elementor-element-433eb8a\" data-id=\"433eb8a\" data-element_type=\"column\" data-e-type=\"column\">\n\t\t\t<div class=\"elementor-widget-wrap elementor-element-populated\">\n\t\t\t\t\t\t<div class=\"elementor-element elementor-element-73123f5 elementor-widget elementor-widget-heading\" data-id=\"73123f5\" data-element_type=\"widget\" data-e-type=\"widget\" data-widget_type=\"heading.default\">\n\t\t\t\t<div class=\"elementor-widget-container\">\n\t\t\t\t\t<h2 class=\"elementor-heading-title elementor-size-default\">Parafia pw. Naj\u015bwi\u0119tszej Marii Panny<\/h2>\t\t\t\t<\/div>\n\t\t\t\t<\/div>\n\t\t\t\t<div class=\"elementor-element elementor-element-94788ee elementor-align-start elementor-icon-list--layout-traditional elementor-list-item-link-full_width elementor-widget elementor-widget-icon-list\" data-id=\"94788ee\" data-element_type=\"widget\" data-e-type=\"widget\" data-widget_type=\"icon-list.default\">\n\t\t\t\t<div class=\"elementor-widget-container\">\n\t\t\t\t\t\t\t<ul class=\"elementor-icon-list-items\">\n\t\t\t\t\t\t\t<li class=\"elementor-icon-list-item\">\n\t\t\t\t\t\t\t\t\t\t\t<span class=\"elementor-icon-list-icon\">\n\t\t\t\t\t\t\t<svg xmlns=\"http:\/\/www.w3.org\/2000\/svg\" width=\"19.2\" height=\"24\" viewBox=\"0 0 19.2 24\"><g id=\"Group_552\" data-name=\"Group 552\" transform=\"translate(-869 -555.323)\"><path id=\"Path_110\" data-name=\"Path 110\" d=\"M878.6,555.323a9.6,9.6,0,0,0-7.1,16.056l6.648,7.734a.6.6,0,0,0,.912,0l6.648-7.734a9.6,9.6,0,0,0-7.1-16.056Zm6.192,15.276L878.6,577.8l-6.192-7.2a8.4,8.4,0,1,1,12.384,0Zm0,0\" fill=\"#bb6853\"><\/path><path id=\"Path_111\" data-name=\"Path 111\" d=\"M942.318,624.445a4.2,4.2,0,1,0,4.2,4.2,4.2,4.2,0,0,0-4.2-4.2Zm0,7.2a3,3,0,1,1,3-3,3,3,0,0,1-3,3Zm0,0\" transform=\"translate(-63.718 -63.722)\" fill=\"#bb6853\"><\/path><\/g><\/svg>\t\t\t\t\t\t<\/span>\n\t\t\t\t\t\t\t\t\t\t<span class=\"elementor-icon-list-text\">ul. Nazwa Ulicy 1, 00-000 Miasto<\/span>\n\t\t\t\t\t\t\t\t\t<\/li>\n\t\t\t\t\t\t\t\t<li class=\"elementor-icon-list-item\">\n\t\t\t\t\t\t\t\t\t\t\t<span class=\"elementor-icon-list-icon\">\n\t\t\t\t\t\t\t<svg xmlns=\"http:\/\/www.w3.org\/2000\/svg\" width=\"20.392\" height=\"20.392\" viewBox=\"0 0 20.392 20.392\"><g id=\"Group_551\" data-name=\"Group 551\" transform=\"translate(-812 -529.323)\"><path id=\"Path_107\" data-name=\"Path 107\" d=\"M831.736,544c-.036-.03-4.112-2.934-5.212-2.752-.531.094-.834.456-1.442,1.181-.1.117-.334.4-.516.6a8.479,8.479,0,0,1-1.122-.457,9.314,9.314,0,0,1-4.3-4.3,8.471,8.471,0,0,1-.457-1.122c.2-.183.48-.419.6-.519.721-.6,1.083-.909,1.177-1.44.192-1.1-2.723-5.175-2.752-5.212a1.557,1.557,0,0,0-1.16-.655c-1.181,0-4.554,4.375-4.554,5.112,0,.043.062,4.4,5.43,9.856,5.454,5.362,9.807,5.424,9.85,5.424.737,0,5.112-3.373,5.112-4.554a1.557,1.557,0,0,0-.656-1.16Zm-4.532,4.35c-.59-.05-4.247-.532-8.815-5.019-4.509-4.59-4.979-8.253-5.025-8.821a18.381,18.381,0,0,1,3.2-3.78c.027.027.063.068.109.121a24.071,24.071,0,0,1,2.429,4.121,8.117,8.117,0,0,1-.691.619,6.825,6.825,0,0,0-1.028.967.68.68,0,0,0-.116.51,7.765,7.765,0,0,0,.656,1.8,10.681,10.681,0,0,0,4.927,4.926,7.747,7.747,0,0,0,1.8.656.679.679,0,0,0,.51-.116,6.838,6.838,0,0,0,.97-1.032c.214-.254.5-.593.606-.689a23.886,23.886,0,0,1,4.13,2.432c.056.047.1.084.123.108a18.382,18.382,0,0,1-3.781,3.2Zm0,0\" fill=\"#bb6853\"><\/path><path id=\"Path_108\" data-name=\"Path 108\" d=\"M992.68,602.682a4.082,4.082,0,0,1,4.078,4.078.68.68,0,1,0,1.359,0,5.444,5.444,0,0,0-5.438-5.438.68.68,0,0,0,0,1.359Zm0,0\" transform=\"translate(-169.804 -67.922)\" fill=\"#bb6853\"><\/path><path id=\"Path_109\" data-name=\"Path 109\" d=\"M992.68,542.682a7.486,7.486,0,0,1,7.477,7.477.68.68,0,1,0,1.359,0,8.847,8.847,0,0,0-8.837-8.837.68.68,0,0,0,0,1.359Zm0,0\" transform=\"translate(-169.804 -11.32)\" fill=\"#bb6853\"><\/path><\/g><\/svg>\t\t\t\t\t\t<\/span>\n\t\t\t\t\t\t\t\t\t\t<span class=\"elementor-icon-list-text\">+48 000 000 000<\/span>\n\t\t\t\t\t\t\t\t\t<\/li>\n\t\t\t\t\t\t\t\t<li class=\"elementor-icon-list-item\">\n\t\t\t\t\t\t\t\t\t\t\t<span class=\"elementor-icon-list-icon\">\n\t\t\t\t\t\t\t<svg xmlns=\"http:\/\/www.w3.org\/2000\/svg\" width=\"22.135\" height=\"15.563\" viewBox=\"0 0 22.135 15.563\"><g id=\"Group_553\" data-name=\"Group 553\" transform=\"translate(-105 -286.89)\"><path id=\"Path_118\" data-name=\"Path 118\" d=\"M125.19,286.89H106.945A1.948,1.948,0,0,0,105,288.835v11.673a1.948,1.948,0,0,0,1.945,1.945H125.19a1.948,1.948,0,0,0,1.945-1.945V288.835a1.948,1.948,0,0,0-1.945-1.945Zm-.3,1.3-8.321,8.348a.758.758,0,0,1-1.005,0l-8.321-8.348ZM106.3,300.27v-11.2l5.58,5.6Zm.947.887,5.548-5.566,1.854,1.86a2.052,2.052,0,0,0,2.842,0l1.854-1.86,5.548,5.566Zm18.594-.887-5.58-5.6,5.58-5.6Zm0,0\" fill=\"#c9573a\"><\/path><\/g><\/svg>\t\t\t\t\t\t<\/span>\n\t\t\t\t\t\t\t\t\t\t<span class=\"elementor-icon-list-text\">mail@parafia.pl<\/span>\n\t\t\t\t\t\t\t\t\t<\/li>\n\t\t\t\t\t\t<\/ul>\n\t\t\t\t\t\t<\/div>\n\t\t\t\t<\/div>\n\t\t\t\t\t<\/div>\n\t\t<\/div>\n\t\t\t\t<div class=\"elementor-column elementor-col-50 elementor-inner-column elementor-element elementor-element-e1140df\" data-id=\"e1140df\" data-element_type=\"column\" data-e-type=\"column\">\n\t\t\t<div class=\"elementor-widget-wrap elementor-element-populated\">\n\t\t\t\t\t\t<div class=\"elementor-element elementor-element-43c0618 elementor-widget elementor-widget-google_maps\" data-id=\"43c0618\" data-element_type=\"widget\" data-e-type=\"widget\" data-widget_type=\"google_maps.default\">\n\t\t\t\t<div class=\"elementor-widget-container\">\n\t\t\t\t\t\t\t<div class=\"elementor-custom-embed\">\n\t\t\t<iframe loading=\"lazy\"\n\t\t\t\t\tsrc=\"https:\/\/maps.google.com\/maps?q=Twornia&#038;t=m&#038;z=13&#038;output=embed&#038;iwloc=near\"\n\t\t\t\t\ttitle=\"Twornia\"\n\t\t\t\t\taria-label=\"Twornia\"\n\t\t\t><\/iframe>\n\t\t<\/div>\n\t\t\t\t\t\t<\/div>\n\t\t\t\t<\/div>\n\t\t\t\t\t<\/div>\n\t\t<\/div>\n\t\t\t\t\t<\/div>\n\t\t<\/section>\n\t\t\t\t<div class=\"elementor-element elementor-element-e306430 elementor-widget elementor-widget-heading\" data-id=\"e306430\" data-element_type=\"widget\" data-e-type=\"widget\" data-widget_type=\"heading.default\">\n\t\t\t\t<div class=\"elementor-widget-container\">\n\t\t\t\t\t<h2 class=\"elementor-heading-title elementor-size-default\">Napisz do nas<\/h2>\t\t\t\t<\/div>\n\t\t\t\t<\/div>\n\t\t\t\t<div class=\"elementor-element elementor-element-3dd8562 elementor-widget elementor-widget-wpforms\" data-id=\"3dd8562\" data-element_type=\"widget\" data-e-type=\"widget\" id=\"strona_kontaktu_form\" data-widget_type=\"wpforms.default\">\n\t\t\t\t<div class=\"elementor-widget-container\">\n\t\t\t\t\t<div class=\"wpforms-container wpforms-container-full form\" id=\"wpforms-577\"><form id=\"wpforms-form-577\" class=\"wpforms-validate wpforms-form wpforms-ajax-form\" data-formid=\"577\" method=\"post\" enctype=\"multipart\/form-data\" action=\"\/duza-strona-parafia\/wp-json\/wp\/v2\/pages\/545\" data-token=\"8c571f1787aa86de1af51a63c00fbfb0\" data-token-time=\"1776293055\"><noscript class=\"wpforms-error-noscript\">Aby wype\u0142ni\u0107 ten formularz, w\u0142\u0105cz obs\u0142ug\u0119 JavaScript w przegl\u0105darce.<\/noscript><div class=\"wpforms-field-container\"><div id=\"wpforms-577-field_1-container\" class=\"wpforms-field wpforms-field-name form-row\" data-field-id=\"1\"><label class=\"wpforms-field-label\" for=\"wpforms-577-field_1\">Imi\u0119 <span class=\"wpforms-required-label\">*<\/span><\/label><input type=\"text\" id=\"wpforms-577-field_1\" class=\"wpforms-field-large wpforms-field-required\" name=\"wpforms[fields][1]\" required><\/div><div id=\"wpforms-577-field_4-container\" class=\"wpforms-field wpforms-field-name form-row\" data-field-id=\"4\"><label class=\"wpforms-field-label\" for=\"wpforms-577-field_4\">Nazwisko <span class=\"wpforms-required-label\">*<\/span><\/label><input type=\"text\" id=\"wpforms-577-field_4\" class=\"wpforms-field-large wpforms-field-required\" name=\"wpforms[fields][4]\" required><\/div><div id=\"wpforms-577-field_2-container\" class=\"wpforms-field wpforms-field-email form-row\" data-field-id=\"2\"><label class=\"wpforms-field-label\" for=\"wpforms-577-field_2\">Adres e-mail <span class=\"wpforms-required-label\">*<\/span><\/label><input type=\"email\" id=\"wpforms-577-field_2\" class=\"wpforms-field-large wpforms-field-required\" name=\"wpforms[fields][2]\" spellcheck=\"false\" required><\/div><div id=\"wpforms-577-field_3-container\" class=\"wpforms-field wpforms-field-textarea\" data-field-id=\"3\"><label class=\"wpforms-field-label\" for=\"wpforms-577-field_3\">Tre\u015b\u0107 wiadomo\u015bci<\/label><textarea id=\"wpforms-577-field_3\" class=\"wpforms-field-medium\" name=\"wpforms[fields][3]\" ><\/textarea><\/div><div id=\"wpforms-577-field_5-container\" class=\"wpforms-field wpforms-field-checkbox\" data-field-id=\"5\"><label class=\"wpforms-field-label wpforms-label-hide\">Polityka prywatno\u015bci <span class=\"wpforms-required-label\">*<\/span><\/label><ul id=\"wpforms-577-field_5\" class=\"wpforms-field-required\"><li class=\"choice-1 depth-1\"><input type=\"checkbox\" id=\"wpforms-577-field_5_1\" name=\"wpforms[fields][5][]\" value=\"Polityka prywatno\u015bci\" required ><label class=\"wpforms-field-label-inline\" for=\"wpforms-577-field_5_1\">Polityka prywatno\u015bci<\/label><\/li><\/ul><\/div><\/div><!-- .wpforms-field-container --><div class=\"wpforms-submit-container\" ><input type=\"hidden\" name=\"wpforms[id]\" value=\"577\"><input type=\"hidden\" name=\"page_title\" value=\"\"><input type=\"hidden\" name=\"page_url\" value=\"https:\/\/qwebby.co\/duza-strona-parafia\/wp-json\/wp\/v2\/pages\/545\"><input type=\"hidden\" name=\"url_referer\" value=\"\"><button type=\"submit\" name=\"wpforms[submit]\" id=\"wpforms-submit-577\" class=\"wpforms-submit przycisk_form\" data-alt-text=\"Wysy\u0142am...\" data-submit-text=\"Wy\u015blij\" aria-live=\"assertive\" value=\"wpforms-submit\">Wy\u015blij<\/button><img decoding=\"async\" src=\"https:\/\/qwebby.co\/duza-strona-parafia\/wp-content\/plugins\/wpforms-lite\/assets\/images\/submit-spin.svg\" class=\"wpforms-submit-spinner\" style=\"display: none;\" width=\"26\" height=\"26\" alt=\"Wczytywanie\"><\/div><\/form><\/div>  <!-- .wpforms-container -->\t\t\t\t<\/div>\n\t\t\t\t<\/div>\n\t\t\t\t\t<\/div>\n\t\t<\/div>\n\t\t\t\t\t<\/div>\n\t\t<\/section>\n\t\t\t\t<\/div>\n\t\t","protected":false},"excerpt":{"rendered":"<p>KONTAKT Parafia pw. Naj\u015bwi\u0119tszej Marii Panny ul. Nazwa Ulicy 1, 00-000 Miasto +48 000 000 000 mail@parafia.pl Napisz do nas<\/p>\n","protected":false},"author":1,"featured_media":0,"parent":0,"menu_order":0,"comment_status":"closed","ping_status":"closed","template":"elementor_header_footer","meta":{"footnotes":""},"class_list":["post-545","page","type-page","status-publish","hentry"],"_links":{"self":[{"href":"https:\/\/qwebby.co\/duza-strona-parafia\/wp-json\/wp\/v2\/pages\/545","targetHints":{"allow":["GET"]}}],"collection":[{"href":"https:\/\/qwebby.co\/duza-strona-parafia\/wp-json\/wp\/v2\/pages"}],"about":[{"href":"https:\/\/qwebby.co\/duza-strona-parafia\/wp-json\/wp\/v2\/types\/page"}],"author":[{"embeddable":true,"href":"https:\/\/qwebby.co\/duza-strona-parafia\/wp-json\/wp\/v2\/users\/1"}],"replies":[{"embeddable":true,"href":"https:\/\/qwebby.co\/duza-strona-parafia\/wp-json\/wp\/v2\/comments?post=545"}],"version-history":[{"count":20,"href":"https:\/\/qwebby.co\/duza-strona-parafia\/wp-json\/wp\/v2\/pages\/545\/revisions"}],"predecessor-version":[{"id":953,"href":"https:\/\/qwebby.co\/duza-strona-parafia\/wp-json\/wp\/v2\/pages\/545\/revisions\/953"}],"wp:attachment":[{"href":"https:\/\/qwebby.co\/duza-strona-parafia\/wp-json\/wp\/v2\/media?parent=545"}],"curies":[{"name":"wp","href":"https:\/\/api.w.org\/{rel}","templated":true}]}}