{"id":530,"date":"2023-03-24T14:43:21","date_gmt":"2023-03-24T14:43:21","guid":{"rendered":"https:\/\/qwebby.co\/duza-strona-parafia\/?page_id=530"},"modified":"2023-04-03T10:28:51","modified_gmt":"2023-04-03T10:28:51","slug":"msze-swiete","status":"publish","type":"page","link":"https:\/\/qwebby.co\/duza-strona-parafia\/msze-swiete\/","title":{"rendered":"Msze \u015bwi\u0119te"},"content":{"rendered":"\t\t<div data-elementor-type=\"wp-page\" data-elementor-id=\"530\" class=\"elementor elementor-530\">\n\t\t\t\t\t\t<section class=\"elementor-section elementor-top-section elementor-element elementor-element-f24395e elementor-section-height-min-height elementor-section-items-bottom elementor-section-content-middle elementor-section-boxed elementor-section-height-default\" data-id=\"f24395e\" data-element_type=\"section\" data-e-type=\"section\" data-settings=\"{&quot;background_background&quot;:&quot;classic&quot;}\">\n\t\t\t\t\t\t<div class=\"elementor-container elementor-column-gap-default\">\n\t\t\t\t\t<div class=\"elementor-column elementor-col-100 elementor-top-column elementor-element elementor-element-a42edfe\" data-id=\"a42edfe\" data-element_type=\"column\" data-e-type=\"column\">\n\t\t\t<div class=\"elementor-widget-wrap elementor-element-populated\">\n\t\t\t\t\t\t<div class=\"elementor-element elementor-element-7af04f7 elementor-widget elementor-widget-heading\" data-id=\"7af04f7\" data-element_type=\"widget\" data-e-type=\"widget\" data-widget_type=\"heading.default\">\n\t\t\t\t<div class=\"elementor-widget-container\">\n\t\t\t\t\t<h2 class=\"elementor-heading-title elementor-size-default\">MSZE \u015aWI\u0118TE<\/h2>\t\t\t\t<\/div>\n\t\t\t\t<\/div>\n\t\t\t\t\t<\/div>\n\t\t<\/div>\n\t\t\t\t\t<\/div>\n\t\t<\/section>\n\t\t\t\t<section class=\"elementor-section elementor-top-section elementor-element elementor-element-2c76305 Duszpasterstwo elementor-section-boxed elementor-section-height-default elementor-section-height-default\" data-id=\"2c76305\" data-element_type=\"section\" data-e-type=\"section\">\n\t\t\t\t\t\t<div class=\"elementor-container elementor-column-gap-default\">\n\t\t\t\t\t<div class=\"elementor-column elementor-col-100 elementor-top-column elementor-element elementor-element-5c18be1\" data-id=\"5c18be1\" data-element_type=\"column\" data-e-type=\"column\" data-settings=\"{&quot;background_background&quot;:&quot;classic&quot;}\">\n\t\t\t<div class=\"elementor-widget-wrap elementor-element-populated\">\n\t\t\t\t\t\t<div class=\"elementor-element elementor-element-acd4e12 elementor-widget elementor-widget-heading\" data-id=\"acd4e12\" data-element_type=\"widget\" data-e-type=\"widget\" data-widget_type=\"heading.default\">\n\t\t\t\t<div class=\"elementor-widget-container\">\n\t\t\t\t\t<h2 class=\"elementor-heading-title elementor-size-default\">GODZINY<\/h2>\t\t\t\t<\/div>\n\t\t\t\t<\/div>\n\t\t\t\t<section class=\"elementor-section elementor-inner-section elementor-element elementor-element-665bbc6 elementor-section-boxed elementor-section-height-default elementor-section-height-default\" data-id=\"665bbc6\" data-element_type=\"section\" data-e-type=\"section\">\n\t\t\t\t\t\t<div class=\"elementor-container elementor-column-gap-default\">\n\t\t\t\t\t<div class=\"elementor-column elementor-col-50 elementor-inner-column elementor-element elementor-element-433eb8a\" data-id=\"433eb8a\" data-element_type=\"column\" data-e-type=\"column\">\n\t\t\t<div class=\"elementor-widget-wrap elementor-element-populated\">\n\t\t\t\t\t\t<div class=\"elementor-element elementor-element-bd933db elementor-widget elementor-widget-heading\" data-id=\"bd933db\" data-element_type=\"widget\" data-e-type=\"widget\" data-widget_type=\"heading.default\">\n\t\t\t\t<div class=\"elementor-widget-container\">\n\t\t\t\t\t<h2 class=\"elementor-heading-title elementor-size-default\">DNI POWSZEDNIE<\/h2>\t\t\t\t<\/div>\n\t\t\t\t<\/div>\n\t\t\t\t<div class=\"elementor-element elementor-element-21f3d1a elementor-widget elementor-widget-text-editor\" data-id=\"21f3d1a\" data-element_type=\"widget\" data-e-type=\"widget\" data-widget_type=\"text-editor.default\">\n\t\t\t\t<div class=\"elementor-widget-container\">\n\t\t\t\t\t\t\t\t\t<p><strong>8:00<\/strong> <strong>18:00<\/strong> (lorem ipsum)<\/p>\t\t\t\t\t\t\t\t<\/div>\n\t\t\t\t<\/div>\n\t\t\t\t<div class=\"elementor-element elementor-element-ed4d031 elementor-widget elementor-widget-heading\" data-id=\"ed4d031\" data-element_type=\"widget\" data-e-type=\"widget\" data-widget_type=\"heading.default\">\n\t\t\t\t<div class=\"elementor-widget-container\">\n\t\t\t\t\t<h2 class=\"elementor-heading-title elementor-size-default\">NIEDZIELE I \u015aWI\u0118TA<\/h2>\t\t\t\t<\/div>\n\t\t\t\t<\/div>\n\t\t\t\t<div class=\"elementor-element elementor-element-d0ba49c elementor-widget elementor-widget-text-editor\" data-id=\"d0ba49c\" data-element_type=\"widget\" data-e-type=\"widget\" data-widget_type=\"text-editor.default\">\n\t\t\t\t<div class=\"elementor-widget-container\">\n\t\t\t\t\t\t\t\t\t<p><strong>8:00<\/strong> <strong>10:30<\/strong> (lorem ipsum) <strong>12:00<\/strong> (lorem ipsum)<strong> 18:00<\/strong><\/p>\t\t\t\t\t\t\t\t<\/div>\n\t\t\t\t<\/div>\n\t\t\t\t\t<\/div>\n\t\t<\/div>\n\t\t\t\t<div class=\"elementor-column elementor-col-50 elementor-inner-column elementor-element elementor-element-e1140df\" data-id=\"e1140df\" data-element_type=\"column\" data-e-type=\"column\">\n\t\t\t<div class=\"elementor-widget-wrap elementor-element-populated\">\n\t\t\t\t\t\t<div class=\"elementor-element elementor-element-f20e93a elementor-widget elementor-widget-heading\" data-id=\"f20e93a\" data-element_type=\"widget\" data-e-type=\"widget\" data-widget_type=\"heading.default\">\n\t\t\t\t<div class=\"elementor-widget-container\">\n\t\t\t\t\t<h2 class=\"elementor-heading-title elementor-size-default\">NABO\u017bE\u0143STWA<\/h2>\t\t\t\t<\/div>\n\t\t\t\t<\/div>\n\t\t\t\t<div class=\"elementor-element elementor-element-28bf890 elementor-widget elementor-widget-text-editor\" data-id=\"28bf890\" data-element_type=\"widget\" data-e-type=\"widget\" data-widget_type=\"text-editor.default\">\n\t\t\t\t<div class=\"elementor-widget-container\">\n\t\t\t\t\t\t\t\t\t<p>Nulla consequat massa quis enim. Donec pede justo, fringilla vel, aliquet nec, vulputate eget, arcu. In enim justo, rhoncus ut, imperdiet a, venenatis vitae, justo.<\/p>\t\t\t\t\t\t\t\t<\/div>\n\t\t\t\t<\/div>\n\t\t\t\t\t<\/div>\n\t\t<\/div>\n\t\t\t\t\t<\/div>\n\t\t<\/section>\n\t\t\t\t<div class=\"elementor-element elementor-element-32df83c elementor-widget elementor-widget-heading\" data-id=\"32df83c\" data-element_type=\"widget\" data-e-type=\"widget\" data-widget_type=\"heading.default\">\n\t\t\t\t<div class=\"elementor-widget-container\">\n\t\t\t\t\t<h2 class=\"elementor-heading-title elementor-size-default\">INTENCJE<\/h2>\t\t\t\t<\/div>\n\t\t\t\t<\/div>\n\t\t\t\t<div class=\"elementor-element elementor-element-9bedf02 elementor-widget elementor-widget-text-editor\" data-id=\"9bedf02\" data-element_type=\"widget\" data-e-type=\"widget\" data-widget_type=\"text-editor.default\">\n\t\t\t\t<div class=\"elementor-widget-container\">\n\t\t\t\t\t\t\t\t\t<table class=\"tabela-intencji\" style=\"width: 100%;\">\n<tbody>\n<tr>\n<td style=\"width: 10%;\"><\/td>\n<td><span style=\"font-size: 1.2em;\"><strong>NIEDZIELA<\/strong><\/span><\/td>\n<\/tr>\n<tr>\n<td>8:00<\/td>\n<td>Lorem ipsum dolor sit amet, consectetuer adipiscing elit. Aenean commodo ligula eget dolor.<\/td>\n<\/tr>\n\n<tr>\n<td>10:30<\/td>\n<td>Aenean massa. Cum sociis natoque penatibus et magnis dis parturient monte.<\/td>\n<\/tr>\n<tr>\n<td>12:00<\/td>\n<td>Nascetur ridiculus mus. Donec quam felis, ultricies nec, pellentesque eu, pretium quis, sem.<\/td>\n<\/tr>\n<tr>\n<td>18:00<\/td>\n<td>Nulla consequat massa quis enim. Donec pede justo, fringilla vel, aliquet nec, vulputate eget, arcu.<\/td>\n<\/tr>\n<tr>\n<td><\/td>\n<td><span style=\"font-size: 1.2em;\"><strong><strong>PONIEDZIA\u0141EK<\/strong><\/strong><\/span><\/td>\n<\/tr>\n<tr>\n<td>8:00<\/td>\n<td>In enim justo, rhoncus ut, imperdiet a, venenatis vitae, justo.<\/td>\n<\/tr>\n<tr>\n<td>18:00<\/td>\n<td>Lorem ipsum dolor sit amet, consectetuer adipiscing elit.<\/td>\n<\/tr>\n<tr>\n<td>8:00<\/td>\n<td>Aenean commodo ligula eget dolor. Aenean massa.<\/td>\n<\/tr>\n<tr>\n<td>18:00<\/td>\n<td>Cum sociis natoque penatibus et magnis dis parturient montes.<\/td>\n<\/tr>\n<\/tbody>\n<\/table>\t\t\t\t\t\t\t\t<\/div>\n\t\t\t\t<\/div>\n\t\t\t\t\t<\/div>\n\t\t<\/div>\n\t\t\t\t\t<\/div>\n\t\t<\/section>\n\t\t\t\t<\/div>\n\t\t","protected":false},"excerpt":{"rendered":"<p>MSZE \u015aWI\u0118TE GODZINY DNI POWSZEDNIE 8:00 18:00 (lorem ipsum) NIEDZIELE I \u015aWI\u0118TA 8:00 10:30 (lorem ipsum) 12:00 (lorem ipsum) 18:00 NABO\u017bE\u0143STWA Nulla consequat massa quis enim. Donec pede justo, fringilla vel, aliquet nec, vulputate eget, arcu. In enim justo, rhoncus ut, imperdiet a, venenatis vitae, justo. INTENCJE NIEDZIELA 8:00 Lorem ipsum dolor sit amet, consectetuer [&hellip;]<\/p>\n","protected":false},"author":1,"featured_media":0,"parent":0,"menu_order":0,"comment_status":"closed","ping_status":"closed","template":"elementor_header_footer","meta":{"footnotes":""},"class_list":["post-530","page","type-page","status-publish","hentry"],"_links":{"self":[{"href":"https:\/\/qwebby.co\/duza-strona-parafia\/wp-json\/wp\/v2\/pages\/530","targetHints":{"allow":["GET"]}}],"collection":[{"href":"https:\/\/qwebby.co\/duza-strona-parafia\/wp-json\/wp\/v2\/pages"}],"about":[{"href":"https:\/\/qwebby.co\/duza-strona-parafia\/wp-json\/wp\/v2\/types\/page"}],"author":[{"embeddable":true,"href":"https:\/\/qwebby.co\/duza-strona-parafia\/wp-json\/wp\/v2\/users\/1"}],"replies":[{"embeddable":true,"href":"https:\/\/qwebby.co\/duza-strona-parafia\/wp-json\/wp\/v2\/comments?post=530"}],"version-history":[{"count":18,"href":"https:\/\/qwebby.co\/duza-strona-parafia\/wp-json\/wp\/v2\/pages\/530\/revisions"}],"predecessor-version":[{"id":1006,"href":"https:\/\/qwebby.co\/duza-strona-parafia\/wp-json\/wp\/v2\/pages\/530\/revisions\/1006"}],"wp:attachment":[{"href":"https:\/\/qwebby.co\/duza-strona-parafia\/wp-json\/wp\/v2\/media?parent=530"}],"curies":[{"name":"wp","href":"https:\/\/api.w.org\/{rel}","templated":true}]}}